{"id":4083,"date":"2025-08-31T11:35:13","date_gmt":"2025-08-31T11:35:13","guid":{"rendered":"https:\/\/fumanelli.it\/?page_id=4083"},"modified":"2025-09-05T11:31:55","modified_gmt":"2025-09-05T11:31:55","slug":"note-legali","status":"publish","type":"page","link":"https:\/\/fumanelli.it\/en\/note-legali\/","title":{"rendered":"Note legali"},"content":{"rendered":"<div data-elementor-type=\"wp-page\" data-elementor-id=\"4083\" class=\"elementor elementor-4083\" data-elementor-post-type=\"page\">\n\t\t\t\t<div class=\"elementor-element elementor-element-5c91f0a e-con-full e-flex e-con e-parent\" data-id=\"5c91f0a\" data-element_type=\"container\" data-settings=\"{&quot;background_background&quot;:&quot;classic&quot;}\">\n\t\t<div class=\"elementor-element elementor-element-e385ffc e-flex e-con-boxed e-con e-child\" data-id=\"e385ffc\" data-element_type=\"container\">\n\t\t\t\t\t<div class=\"e-con-inner\">\n\t\t\t\t<div class=\"elementor-element elementor-element-95294a5 elementor-widget elementor-widget-heading\" data-id=\"95294a5\" data-element_type=\"widget\" data-widget_type=\"heading.default\">\n\t\t\t\t<div class=\"elementor-widget-container\">\n\t\t\t\t\t<h1 class=\"elementor-heading-title elementor-size-default\">Note legali<\/h1>\t\t\t\t<\/div>\n\t\t\t\t<\/div>\n\t\t\t\t\t<\/div>\n\t\t\t\t<\/div>\n\t\t\t\t<\/div>\n\t\t<div class=\"elementor-element elementor-element-48813e46 e-flex e-con-boxed e-con e-parent\" data-id=\"48813e46\" data-element_type=\"container\">\n\t\t\t\t\t<div class=\"e-con-inner\">\n\t\t\t\t<div class=\"elementor-element elementor-element-4a6e27d1 elementor-widget elementor-widget-text-editor\" data-id=\"4a6e27d1\" data-element_type=\"widget\" data-widget_type=\"text-editor.default\">\n\t\t\t\t<div class=\"elementor-widget-container\">\n\t\t\t\t\t\t\t\t\t\n<p><strong>Content and intellectual property<\/strong><\/p>\n\n\n\n<p>Texts, images, trademarks, and logos on the Website are the property of the Owner or their rightful owners; unauthorized use is prohibited.<\/p>\n\n\n\n<p><strong>Use of the Site<\/strong><\/p>\n\n\n\n<p>It is forbidden to use the Website in an unlawful manner or in such a way as to damage it or limit its functioning. The Owner does not guarantee the absence of errors or continuity of service.<\/p>\n\n\n\n<p><strong>Links to third parties<\/strong><\/p>\n\n\n\n<p>The Website may contain external links: no responsibility is accepted for third-party content\/services.<\/p>\n\n\n\n<p><strong>Changes<\/strong><\/p>\n\n\n\n<p>The Owner may modify the content and terms at any time.<\/p>\n\n\n\n<p><strong>Company information and contacts<\/strong><\/p>\n\n\n\n<p>Societ\u00e0 Agricola Marchesi Fumanelli di Armando Pirola e Roberta Mottadelli S.S. \u2014 Via Squarano 5, 37029 San Pietro in Cariano (VR) \u2014 P.IVA\/C.F. 02907690230 \u2014 REA VR\u2011293487 \u2014 PEC fumanelli@bpec.it \u2014 e\u2011mail info@fumanelli.it \u2014 Tel. +39 045 7704875 \u2014 Fax +39 045 6831392.<\/p>\n\n\n\n<p><\/p>\n\t\t\t\t\t\t\t\t<\/div>\n\t\t\t\t<\/div>\n\t\t\t\t\t<\/div>\n\t\t\t\t<\/div>\n\t\t\t\t<\/div>","protected":false},"excerpt":{"rendered":"<p>Note legali Contenuti e propriet\u00e0 intellettuale Testi, immagini, marchi e loghi presenti sul Sito sono di propriet\u00e0 del Titolare o dei legittimi proprietari; \u00e8 vietato l\u2019uso non autorizzato. Uso del Sito \u00c8 vietato utilizzare il Sito in modo illecito o tale da danneggiarlo\/limitarne il funzionamento. Il Titolare non garantisce assenza di errori o continuit\u00e0 del [&hellip;]<\/p>","protected":false},"author":1,"featured_media":0,"parent":0,"menu_order":0,"comment_status":"closed","ping_status":"closed","template":"","meta":{"footnotes":""},"class_list":["post-4083","page","type-page","status-publish","hentry"],"aioseo_notices":[],"_links":{"self":[{"href":"https:\/\/fumanelli.it\/en\/wp-json\/wp\/v2\/pages\/4083","targetHints":{"allow":["GET"]}}],"collection":[{"href":"https:\/\/fumanelli.it\/en\/wp-json\/wp\/v2\/pages"}],"about":[{"href":"https:\/\/fumanelli.it\/en\/wp-json\/wp\/v2\/types\/page"}],"author":[{"embeddable":true,"href":"https:\/\/fumanelli.it\/en\/wp-json\/wp\/v2\/users\/1"}],"replies":[{"embeddable":true,"href":"https:\/\/fumanelli.it\/en\/wp-json\/wp\/v2\/comments?post=4083"}],"version-history":[{"count":0,"href":"https:\/\/fumanelli.it\/en\/wp-json\/wp\/v2\/pages\/4083\/revisions"}],"wp:attachment":[{"href":"https:\/\/fumanelli.it\/en\/wp-json\/wp\/v2\/media?parent=4083"}],"curies":[{"name":"wp","href":"https:\/\/api.w.org\/{rel}","templated":true}]}}